{"id":14,"date":"2023-11-16T15:54:48","date_gmt":"2023-11-16T14:54:48","guid":{"rendered":"http:\/\/www.masrebiere.com\/?page_id=14"},"modified":"2023-11-16T15:54:48","modified_gmt":"2023-11-16T14:54:48","slug":"le-domaine","status":"publish","type":"page","link":"https:\/\/masrevive.com\/index.php\/le-domaine\/","title":{"rendered":"Le domaine"},"content":{"rendered":"","protected":false},"excerpt":{"rendered":"","protected":false},"author":1,"featured_media":0,"parent":0,"menu_order":0,"comment_status":"closed","ping_status":"closed","template":"","meta":{"om_disable_all_campaigns":false,"_monsterinsights_skip_tracking":false,"_monsterinsights_sitenote_active":false,"_monsterinsights_sitenote_note":"","_monsterinsights_sitenote_category":0,"_uf_show_specific_survey":0,"_uf_disable_surveys":false,"footnotes":""},"class_list":["post-14","page","type-page","status-publish","hentry","entry"],"yoast_head":"<!-- This site is optimized with the Yoast SEO plugin v22.1 - https:\/\/yoast.com\/wordpress\/plugins\/seo\/ -->\n<title>Le domaine - Mas Revive<\/title>\n<meta name=\"robots\" content=\"index, follow, max-snippet:-1, max-image-preview:large, max-video-preview:-1\" \/>\n<link rel=\"canonical\" href=\"https:\/\/masrevive.com\/index.php\/le-domaine\/\" \/>\n<meta property=\"og:locale\" content=\"fr_FR\" \/>\n<meta property=\"og:type\" content=\"article\" \/>\n<meta property=\"og:title\" content=\"Le domaine - Mas Revive\" \/>\n<meta property=\"og:url\" content=\"https:\/\/masrevive.com\/index.php\/le-domaine\/\" \/>\n<meta property=\"og:site_name\" content=\"Mas Revive\" \/>\n<meta name=\"twitter:card\" content=\"summary_large_image\" \/>\n<script type=\"application\/ld+json\" class=\"yoast-schema-graph\">{\"@context\":\"https:\/\/schema.org\",\"@graph\":[{\"@type\":\"WebPage\",\"@id\":\"https:\/\/masrevive.com\/index.php\/le-domaine\/\",\"url\":\"https:\/\/masrevive.com\/index.php\/le-domaine\/\",\"name\":\"Le domaine - Mas Revive\",\"isPartOf\":{\"@id\":\"https:\/\/masrevive.com\/#website\"},\"datePublished\":\"2023-11-16T14:54:48+00:00\",\"dateModified\":\"2023-11-16T14:54:48+00:00\",\"breadcrumb\":{\"@id\":\"https:\/\/masrevive.com\/index.php\/le-domaine\/#breadcrumb\"},\"inLanguage\":\"fr-FR\",\"potentialAction\":[{\"@type\":\"ReadAction\",\"target\":[\"https:\/\/masrevive.com\/index.php\/le-domaine\/\"]}]},{\"@type\":\"BreadcrumbList\",\"@id\":\"https:\/\/masrevive.com\/index.php\/le-domaine\/#breadcrumb\",\"itemListElement\":[{\"@type\":\"ListItem\",\"position\":1,\"name\":\"Accueil\",\"item\":\"https:\/\/masrevive.com\/\"},{\"@type\":\"ListItem\",\"position\":2,\"name\":\"Le domaine\"}]},{\"@type\":\"WebSite\",\"@id\":\"https:\/\/masrevive.com\/#website\",\"url\":\"https:\/\/masrevive.com\/\",\"name\":\"Mas Revive\",\"description\":\"Mas Revive : La douceur du Sud, l&#039;\u00e2me m\u00e9diterran\u00e9enne\",\"publisher\":{\"@id\":\"https:\/\/masrevive.com\/#organization\"},\"potentialAction\":[{\"@type\":\"SearchAction\",\"target\":{\"@type\":\"EntryPoint\",\"urlTemplate\":\"https:\/\/masrevive.com\/?s={search_term_string}\"},\"query-input\":\"required name=search_term_string\"}],\"inLanguage\":\"fr-FR\"},{\"@type\":\"Organization\",\"@id\":\"https:\/\/masrevive.com\/#organization\",\"name\":\"Mas Revive\",\"url\":\"https:\/\/masrevive.com\/\",\"logo\":{\"@type\":\"ImageObject\",\"inLanguage\":\"fr-FR\",\"@id\":\"https:\/\/masrevive.com\/#\/schema\/logo\/image\/\",\"url\":\"https:\/\/masrevive.com\/wp-content\/uploads\/2024\/02\/1-1.png\",\"contentUrl\":\"https:\/\/masrevive.com\/wp-content\/uploads\/2024\/02\/1-1.png\",\"width\":500,\"height\":500,\"caption\":\"Mas Revive\"},\"image\":{\"@id\":\"https:\/\/masrevive.com\/#\/schema\/logo\/image\/\"},\"sameAs\":[\"https:\/\/www.instagram.com\/mas.revive\/\"]}]}<\/script>\n<!-- \/ Yoast SEO plugin. -->","yoast_head_json":{"title":"Le domaine - Mas Revive","robots":{"index":"index","follow":"follow","max-snippet":"max-snippet:-1","max-image-preview":"max-image-preview:large","max-video-preview":"max-video-preview:-1"},"canonical":"https:\/\/masrevive.com\/index.php\/le-domaine\/","og_locale":"fr_FR","og_type":"article","og_title":"Le domaine - Mas Revive","og_url":"https:\/\/masrevive.com\/index.php\/le-domaine\/","og_site_name":"Mas Revive","twitter_card":"summary_large_image","schema":{"@context":"https:\/\/schema.org","@graph":[{"@type":"WebPage","@id":"https:\/\/masrevive.com\/index.php\/le-domaine\/","url":"https:\/\/masrevive.com\/index.php\/le-domaine\/","name":"Le domaine - Mas Revive","isPartOf":{"@id":"https:\/\/masrevive.com\/#website"},"datePublished":"2023-11-16T14:54:48+00:00","dateModified":"2023-11-16T14:54:48+00:00","breadcrumb":{"@id":"https:\/\/masrevive.com\/index.php\/le-domaine\/#breadcrumb"},"inLanguage":"fr-FR","potentialAction":[{"@type":"ReadAction","target":["https:\/\/masrevive.com\/index.php\/le-domaine\/"]}]},{"@type":"BreadcrumbList","@id":"https:\/\/masrevive.com\/index.php\/le-domaine\/#breadcrumb","itemListElement":[{"@type":"ListItem","position":1,"name":"Accueil","item":"https:\/\/masrevive.com\/"},{"@type":"ListItem","position":2,"name":"Le domaine"}]},{"@type":"WebSite","@id":"https:\/\/masrevive.com\/#website","url":"https:\/\/masrevive.com\/","name":"Mas Revive","description":"Mas Revive : La douceur du Sud, l&#039;\u00e2me m\u00e9diterran\u00e9enne","publisher":{"@id":"https:\/\/masrevive.com\/#organization"},"potentialAction":[{"@type":"SearchAction","target":{"@type":"EntryPoint","urlTemplate":"https:\/\/masrevive.com\/?s={search_term_string}"},"query-input":"required name=search_term_string"}],"inLanguage":"fr-FR"},{"@type":"Organization","@id":"https:\/\/masrevive.com\/#organization","name":"Mas Revive","url":"https:\/\/masrevive.com\/","logo":{"@type":"ImageObject","inLanguage":"fr-FR","@id":"https:\/\/masrevive.com\/#\/schema\/logo\/image\/","url":"https:\/\/masrevive.com\/wp-content\/uploads\/2024\/02\/1-1.png","contentUrl":"https:\/\/masrevive.com\/wp-content\/uploads\/2024\/02\/1-1.png","width":500,"height":500,"caption":"Mas Revive"},"image":{"@id":"https:\/\/masrevive.com\/#\/schema\/logo\/image\/"},"sameAs":["https:\/\/www.instagram.com\/mas.revive\/"]}]}},"_links":{"self":[{"href":"https:\/\/masrevive.com\/index.php\/wp-json\/wp\/v2\/pages\/14","targetHints":{"allow":["GET"]}}],"collection":[{"href":"https:\/\/masrevive.com\/index.php\/wp-json\/wp\/v2\/pages"}],"about":[{"href":"https:\/\/masrevive.com\/index.php\/wp-json\/wp\/v2\/types\/page"}],"author":[{"embeddable":true,"href":"https:\/\/masrevive.com\/index.php\/wp-json\/wp\/v2\/users\/1"}],"replies":[{"embeddable":true,"href":"https:\/\/masrevive.com\/index.php\/wp-json\/wp\/v2\/comments?post=14"}],"version-history":[{"count":1,"href":"https:\/\/masrevive.com\/index.php\/wp-json\/wp\/v2\/pages\/14\/revisions"}],"predecessor-version":[{"id":15,"href":"https:\/\/masrevive.com\/index.php\/wp-json\/wp\/v2\/pages\/14\/revisions\/15"}],"wp:attachment":[{"href":"https:\/\/masrevive.com\/index.php\/wp-json\/wp\/v2\/media?parent=14"}],"curies":[{"name":"wp","href":"https:\/\/api.w.org\/{rel}","templated":true}]}}