{"id":1865,"date":"2024-01-23T10:50:05","date_gmt":"2024-01-23T09:50:05","guid":{"rendered":"https:\/\/www.masrebiere.com\/?page_id=1865"},"modified":"2024-05-02T22:14:40","modified_gmt":"2024-05-02T20:14:40","slug":"mention-legales","status":"publish","type":"page","link":"https:\/\/masrevive.com\/index.php\/mention-legales\/","title":{"rendered":"Mention l\u00e9gales"},"content":{"rendered":"\t\t<div data-elementor-type=\"wp-page\" data-elementor-id=\"1865\" class=\"elementor elementor-1865\">\n\t\t\t\t\t\t\t\t\t<section class=\"elementor-section elementor-top-section elementor-element elementor-element-ff4cceb elementor-section-boxed elementor-section-height-default elementor-section-height-default\" data-id=\"ff4cceb\" data-element_type=\"section\">\n\t\t\t\t\t\t<div class=\"elementor-container elementor-column-gap-default\">\n\t\t\t\t\t<div class=\"elementor-column elementor-col-100 elementor-top-column elementor-element elementor-element-5e5c863\" data-id=\"5e5c863\" data-element_type=\"column\">\n\t\t\t<div class=\"elementor-widget-wrap elementor-element-populated\">\n\t\t\t\t\t\t\t\t<div class=\"elementor-element elementor-element-704f6d0 elementor-widget elementor-widget-heading\" data-id=\"704f6d0\" data-element_type=\"widget\" data-widget_type=\"heading.default\">\n\t\t\t\t<div class=\"elementor-widget-container\">\n\t\t\t<style>\/*! elementor - v3.18.0 - 20-12-2023 *\/\n.elementor-heading-title{padding:0;margin:0;line-height:1}.elementor-widget-heading .elementor-heading-title[class*=elementor-size-]>a{color:inherit;font-size:inherit;line-height:inherit}.elementor-widget-heading .elementor-heading-title.elementor-size-small{font-size:15px}.elementor-widget-heading .elementor-heading-title.elementor-size-medium{font-size:19px}.elementor-widget-heading .elementor-heading-title.elementor-size-large{font-size:29px}.elementor-widget-heading .elementor-heading-title.elementor-size-xl{font-size:39px}.elementor-widget-heading .elementor-heading-title.elementor-size-xxl{font-size:59px}<\/style><h2 class=\"elementor-heading-title elementor-size-default\">Mentions L\u00e9gales <\/h2>\t\t<\/div>\n\t\t\t\t<\/div>\n\t\t\t\t<div class=\"elementor-element elementor-element-02b6101 elementor-widget elementor-widget-text-editor\" data-id=\"02b6101\" data-element_type=\"widget\" data-widget_type=\"text-editor.default\">\n\t\t\t\t<div class=\"elementor-widget-container\">\n\t\t\t<style>\/*! elementor - v3.18.0 - 20-12-2023 *\/\n.elementor-widget-text-editor.elementor-drop-cap-view-stacked .elementor-drop-cap{background-color:#69727d;color:#fff}.elementor-widget-text-editor.elementor-drop-cap-view-framed .elementor-drop-cap{color:#69727d;border:3px solid;background-color:transparent}.elementor-widget-text-editor:not(.elementor-drop-cap-view-default) .elementor-drop-cap{margin-top:8px}.elementor-widget-text-editor:not(.elementor-drop-cap-view-default) .elementor-drop-cap-letter{width:1em;height:1em}.elementor-widget-text-editor .elementor-drop-cap{float:left;text-align:center;line-height:1;font-size:50px}.elementor-widget-text-editor .elementor-drop-cap-letter{display:inline-block}<\/style>\t\t\t\t<p class=\"summary\">Mas Revive<\/p><p class=\"summary\">21 rue du faubourg, 34790, Grabels<\/p><p class=\"summary\">Tel : <a href=\"http:\/\/+33 (0)6 60 71 25 03\" data-wplink-url-error=\"true\">+33 (0)6 60 71 25 03 <\/a><\/p><p class=\"summary\">SIRET : 52862789600020<br \/>TVA INTRA : FR48528627896<\/p><p>Pour plus d\u2019informations : <a href=\"mailto:masrevive34@outlook.fr\">masrevive34@outlook.<\/a>fr<\/p><p>Responsable d\u2019\u00e9tablissement : St\u00e9phanie Dos Santos<br \/>Responsable de la publication : Ines Dos Santos\u00a0<br \/>Contact communication : St\u00e9phanie Dos Santos \/ <a href=\"mailto:masrevive34@outlook.fr\">masrevive34@outlook<\/a>.fr<\/p><p><strong>Le consommateur \u00e0 la possibilit\u00e9, en cas de contestation, d\u2019avoir recours \u00e0 un m\u00e9diateur.<\/strong><\/p><p><a href=\"https:\/\/www.mediateur-consommation-smp.fr\/\" target=\"_blank\" rel=\"noopener\">https:\/\/www.mediateur-consommation-smp.fr\/<\/a><\/p><div><p><strong><em>SOCI\u00c9T\u00c9 DE LA M\u00c9DIATION PROFESSIONNELLE<\/em><\/strong><\/p><div><p><em>M\u00e9diateur-Consommation-smp<\/em><br \/>24, rue Albert de Mun<br \/>33000 Bordeaux<\/p><p><strong>Pour faire une demande de m\u00e9diation :<\/strong><\/p><div><div><a title=\"https:\/\/www.mediateur-consommation-smp.fr\/demander-une-mediation\/\" href=\"https:\/\/www.mediateur-consommation-smp.fr\/demander-une-mediation\/\">https:\/\/www.mediateur-consommation-smp.fr\/demander-une-mediation\/<\/a><\/div><\/div><\/div><\/div>\t\t\t\t\t\t<\/div>\n\t\t\t\t<\/div>\n\t\t\t\t\t<\/div>\n\t\t<\/div>\n\t\t\t\t\t\t\t<\/div>\n\t\t<\/section>\n\t\t\t\t\t\t\t<\/div>\n\t\t","protected":false},"excerpt":{"rendered":"<p>Mentions L\u00e9gales Mas Revive 21 rue du faubourg, 34790, Grabels Tel : +33 (0)6 60 71 25 03 SIRET : 52862789600020TVA INTRA : FR48528627896 Pour plus d\u2019informations : masrevive34@outlook.fr Responsable d\u2019\u00e9tablissement : St\u00e9phanie Dos SantosResponsable de la publication : Ines Dos Santos\u00a0Contact communication : St\u00e9phanie Dos Santos \/ masrevive34@outlook.fr Le consommateur \u00e0 la possibilit\u00e9, en [&hellip;]<\/p>\n","protected":false},"author":1,"featured_media":0,"parent":0,"menu_order":0,"comment_status":"closed","ping_status":"closed","template":"","meta":{"om_disable_all_campaigns":false,"_monsterinsights_skip_tracking":false,"_monsterinsights_sitenote_active":false,"_monsterinsights_sitenote_note":"","_monsterinsights_sitenote_category":0,"_uf_show_specific_survey":0,"_uf_disable_surveys":false,"footnotes":""},"class_list":["post-1865","page","type-page","status-publish","hentry","entry"],"yoast_head":"<!-- This site is optimized with the Yoast SEO plugin v22.1 - https:\/\/yoast.com\/wordpress\/plugins\/seo\/ -->\n<title>Mention l\u00e9gales - Mas Revive<\/title>\n<meta name=\"robots\" content=\"index, follow, max-snippet:-1, max-image-preview:large, max-video-preview:-1\" \/>\n<link rel=\"canonical\" href=\"https:\/\/masrevive.com\/index.php\/mention-legales\/\" \/>\n<meta property=\"og:locale\" content=\"fr_FR\" \/>\n<meta property=\"og:type\" content=\"article\" \/>\n<meta property=\"og:title\" content=\"Mention l\u00e9gales - Mas Revive\" \/>\n<meta property=\"og:description\" content=\"Mentions L\u00e9gales Mas Revive 21 rue du faubourg, 34790, Grabels Tel : +33 (0)6 60 71 25 03 SIRET : 52862789600020TVA INTRA : FR48528627896 Pour plus d\u2019informations : masrevive34@outlook.fr Responsable d\u2019\u00e9tablissement : St\u00e9phanie Dos SantosResponsable de la publication : Ines Dos Santos\u00a0Contact communication : St\u00e9phanie Dos Santos \/ masrevive34@outlook.fr Le consommateur \u00e0 la possibilit\u00e9, en [&hellip;]\" \/>\n<meta property=\"og:url\" content=\"https:\/\/masrevive.com\/index.php\/mention-legales\/\" \/>\n<meta property=\"og:site_name\" content=\"Mas Revive\" \/>\n<meta property=\"article:modified_time\" content=\"2024-05-02T20:14:40+00:00\" \/>\n<meta name=\"twitter:card\" content=\"summary_large_image\" \/>\n<meta name=\"twitter:label1\" content=\"Dur\u00e9e de lecture estim\u00e9e\" \/>\n\t<meta name=\"twitter:data1\" content=\"1 minute\" \/>\n<script type=\"application\/ld+json\" class=\"yoast-schema-graph\">{\"@context\":\"https:\/\/schema.org\",\"@graph\":[{\"@type\":\"WebPage\",\"@id\":\"https:\/\/masrevive.com\/index.php\/mention-legales\/\",\"url\":\"https:\/\/masrevive.com\/index.php\/mention-legales\/\",\"name\":\"Mention l\u00e9gales - Mas Revive\",\"isPartOf\":{\"@id\":\"https:\/\/masrevive.com\/#website\"},\"datePublished\":\"2024-01-23T09:50:05+00:00\",\"dateModified\":\"2024-05-02T20:14:40+00:00\",\"breadcrumb\":{\"@id\":\"https:\/\/masrevive.com\/index.php\/mention-legales\/#breadcrumb\"},\"inLanguage\":\"fr-FR\",\"potentialAction\":[{\"@type\":\"ReadAction\",\"target\":[\"https:\/\/masrevive.com\/index.php\/mention-legales\/\"]}]},{\"@type\":\"BreadcrumbList\",\"@id\":\"https:\/\/masrevive.com\/index.php\/mention-legales\/#breadcrumb\",\"itemListElement\":[{\"@type\":\"ListItem\",\"position\":1,\"name\":\"Accueil\",\"item\":\"https:\/\/masrevive.com\/\"},{\"@type\":\"ListItem\",\"position\":2,\"name\":\"Mention l\u00e9gales\"}]},{\"@type\":\"WebSite\",\"@id\":\"https:\/\/masrevive.com\/#website\",\"url\":\"https:\/\/masrevive.com\/\",\"name\":\"Mas Revive\",\"description\":\"Mas Revive : La douceur du Sud, l&#039;\u00e2me m\u00e9diterran\u00e9enne\",\"publisher\":{\"@id\":\"https:\/\/masrevive.com\/#organization\"},\"potentialAction\":[{\"@type\":\"SearchAction\",\"target\":{\"@type\":\"EntryPoint\",\"urlTemplate\":\"https:\/\/masrevive.com\/?s={search_term_string}\"},\"query-input\":\"required name=search_term_string\"}],\"inLanguage\":\"fr-FR\"},{\"@type\":\"Organization\",\"@id\":\"https:\/\/masrevive.com\/#organization\",\"name\":\"Mas Revive\",\"url\":\"https:\/\/masrevive.com\/\",\"logo\":{\"@type\":\"ImageObject\",\"inLanguage\":\"fr-FR\",\"@id\":\"https:\/\/masrevive.com\/#\/schema\/logo\/image\/\",\"url\":\"https:\/\/masrevive.com\/wp-content\/uploads\/2024\/02\/1-1.png\",\"contentUrl\":\"https:\/\/masrevive.com\/wp-content\/uploads\/2024\/02\/1-1.png\",\"width\":500,\"height\":500,\"caption\":\"Mas Revive\"},\"image\":{\"@id\":\"https:\/\/masrevive.com\/#\/schema\/logo\/image\/\"},\"sameAs\":[\"https:\/\/www.instagram.com\/mas.revive\/\"]}]}<\/script>\n<!-- \/ Yoast SEO plugin. -->","yoast_head_json":{"title":"Mention l\u00e9gales - Mas Revive","robots":{"index":"index","follow":"follow","max-snippet":"max-snippet:-1","max-image-preview":"max-image-preview:large","max-video-preview":"max-video-preview:-1"},"canonical":"https:\/\/masrevive.com\/index.php\/mention-legales\/","og_locale":"fr_FR","og_type":"article","og_title":"Mention l\u00e9gales - Mas Revive","og_description":"Mentions L\u00e9gales Mas Revive 21 rue du faubourg, 34790, Grabels Tel : +33 (0)6 60 71 25 03 SIRET : 52862789600020TVA INTRA : FR48528627896 Pour plus d\u2019informations : masrevive34@outlook.fr Responsable d\u2019\u00e9tablissement : St\u00e9phanie Dos SantosResponsable de la publication : Ines Dos Santos\u00a0Contact communication : St\u00e9phanie Dos Santos \/ masrevive34@outlook.fr Le consommateur \u00e0 la possibilit\u00e9, en [&hellip;]","og_url":"https:\/\/masrevive.com\/index.php\/mention-legales\/","og_site_name":"Mas Revive","article_modified_time":"2024-05-02T20:14:40+00:00","twitter_card":"summary_large_image","twitter_misc":{"Dur\u00e9e de lecture estim\u00e9e":"1 minute"},"schema":{"@context":"https:\/\/schema.org","@graph":[{"@type":"WebPage","@id":"https:\/\/masrevive.com\/index.php\/mention-legales\/","url":"https:\/\/masrevive.com\/index.php\/mention-legales\/","name":"Mention l\u00e9gales - Mas Revive","isPartOf":{"@id":"https:\/\/masrevive.com\/#website"},"datePublished":"2024-01-23T09:50:05+00:00","dateModified":"2024-05-02T20:14:40+00:00","breadcrumb":{"@id":"https:\/\/masrevive.com\/index.php\/mention-legales\/#breadcrumb"},"inLanguage":"fr-FR","potentialAction":[{"@type":"ReadAction","target":["https:\/\/masrevive.com\/index.php\/mention-legales\/"]}]},{"@type":"BreadcrumbList","@id":"https:\/\/masrevive.com\/index.php\/mention-legales\/#breadcrumb","itemListElement":[{"@type":"ListItem","position":1,"name":"Accueil","item":"https:\/\/masrevive.com\/"},{"@type":"ListItem","position":2,"name":"Mention l\u00e9gales"}]},{"@type":"WebSite","@id":"https:\/\/masrevive.com\/#website","url":"https:\/\/masrevive.com\/","name":"Mas Revive","description":"Mas Revive : La douceur du Sud, l&#039;\u00e2me m\u00e9diterran\u00e9enne","publisher":{"@id":"https:\/\/masrevive.com\/#organization"},"potentialAction":[{"@type":"SearchAction","target":{"@type":"EntryPoint","urlTemplate":"https:\/\/masrevive.com\/?s={search_term_string}"},"query-input":"required name=search_term_string"}],"inLanguage":"fr-FR"},{"@type":"Organization","@id":"https:\/\/masrevive.com\/#organization","name":"Mas Revive","url":"https:\/\/masrevive.com\/","logo":{"@type":"ImageObject","inLanguage":"fr-FR","@id":"https:\/\/masrevive.com\/#\/schema\/logo\/image\/","url":"https:\/\/masrevive.com\/wp-content\/uploads\/2024\/02\/1-1.png","contentUrl":"https:\/\/masrevive.com\/wp-content\/uploads\/2024\/02\/1-1.png","width":500,"height":500,"caption":"Mas Revive"},"image":{"@id":"https:\/\/masrevive.com\/#\/schema\/logo\/image\/"},"sameAs":["https:\/\/www.instagram.com\/mas.revive\/"]}]}},"_links":{"self":[{"href":"https:\/\/masrevive.com\/index.php\/wp-json\/wp\/v2\/pages\/1865","targetHints":{"allow":["GET"]}}],"collection":[{"href":"https:\/\/masrevive.com\/index.php\/wp-json\/wp\/v2\/pages"}],"about":[{"href":"https:\/\/masrevive.com\/index.php\/wp-json\/wp\/v2\/types\/page"}],"author":[{"embeddable":true,"href":"https:\/\/masrevive.com\/index.php\/wp-json\/wp\/v2\/users\/1"}],"replies":[{"embeddable":true,"href":"https:\/\/masrevive.com\/index.php\/wp-json\/wp\/v2\/comments?post=1865"}],"version-history":[{"count":13,"href":"https:\/\/masrevive.com\/index.php\/wp-json\/wp\/v2\/pages\/1865\/revisions"}],"predecessor-version":[{"id":2137,"href":"https:\/\/masrevive.com\/index.php\/wp-json\/wp\/v2\/pages\/1865\/revisions\/2137"}],"wp:attachment":[{"href":"https:\/\/masrevive.com\/index.php\/wp-json\/wp\/v2\/media?parent=1865"}],"curies":[{"name":"wp","href":"https:\/\/api.w.org\/{rel}","templated":true}]}}