{"id":3,"date":"2023-11-15T15:41:20","date_gmt":"2023-11-15T14:41:20","guid":{"rendered":"http:\/\/www.masrebiere.com\/?page_id=3"},"modified":"2024-02-21T11:45:46","modified_gmt":"2024-02-21T10:45:46","slug":"politique-de-confidentialite","status":"publish","type":"page","link":"https:\/\/masrevive.com\/index.php\/politique-de-confidentialite\/","title":{"rendered":"Politique de confidentialit\u00e9"},"content":{"rendered":"\t\t<div data-elementor-type=\"wp-page\" data-elementor-id=\"3\" class=\"elementor elementor-3\">\n\t\t\t\t\t\t\t\t\t<section class=\"elementor-section elementor-top-section elementor-element elementor-element-6c45ee2c elementor-section-boxed elementor-section-height-default elementor-section-height-default\" data-id=\"6c45ee2c\" data-element_type=\"section\">\n\t\t\t\t\t\t<div class=\"elementor-container elementor-column-gap-default\">\n\t\t\t\t\t<div class=\"elementor-column elementor-col-100 elementor-top-column elementor-element elementor-element-e168bfd\" data-id=\"e168bfd\" data-element_type=\"column\">\n\t\t\t<div class=\"elementor-widget-wrap elementor-element-populated\">\n\t\t\t\t\t\t\t\t<div class=\"elementor-element elementor-element-fa9bda6 elementor-widget elementor-widget-heading\" data-id=\"fa9bda6\" data-element_type=\"widget\" data-widget_type=\"heading.default\">\n\t\t\t\t<div class=\"elementor-widget-container\">\n\t\t\t<style>\/*! elementor - v3.18.0 - 20-12-2023 *\/\n.elementor-heading-title{padding:0;margin:0;line-height:1}.elementor-widget-heading .elementor-heading-title[class*=elementor-size-]>a{color:inherit;font-size:inherit;line-height:inherit}.elementor-widget-heading .elementor-heading-title.elementor-size-small{font-size:15px}.elementor-widget-heading .elementor-heading-title.elementor-size-medium{font-size:19px}.elementor-widget-heading .elementor-heading-title.elementor-size-large{font-size:29px}.elementor-widget-heading .elementor-heading-title.elementor-size-xl{font-size:39px}.elementor-widget-heading .elementor-heading-title.elementor-size-xxl{font-size:59px}<\/style><h2 class=\"elementor-heading-title elementor-size-default\">Politique RGPD du Mas Revive <\/h2>\t\t<\/div>\n\t\t\t\t<\/div>\n\t\t\t\t<div class=\"elementor-element elementor-element-47118ef elementor-widget elementor-widget-text-editor\" data-id=\"47118ef\" data-element_type=\"widget\" data-widget_type=\"text-editor.default\">\n\t\t\t\t<div class=\"elementor-widget-container\">\n\t\t\t<style>\/*! elementor - v3.18.0 - 20-12-2023 *\/\n.elementor-widget-text-editor.elementor-drop-cap-view-stacked .elementor-drop-cap{background-color:#69727d;color:#fff}.elementor-widget-text-editor.elementor-drop-cap-view-framed .elementor-drop-cap{color:#69727d;border:3px solid;background-color:transparent}.elementor-widget-text-editor:not(.elementor-drop-cap-view-default) .elementor-drop-cap{margin-top:8px}.elementor-widget-text-editor:not(.elementor-drop-cap-view-default) .elementor-drop-cap-letter{width:1em;height:1em}.elementor-widget-text-editor .elementor-drop-cap{float:left;text-align:center;line-height:1;font-size:50px}.elementor-widget-text-editor .elementor-drop-cap-letter{display:inline-block}<\/style>\t\t\t\t<p>Le Mas Revive (ci-apr\u00e8s \u00ab\u00a0La soci\u00e9t\u00e9\u00a0\u00bb) souhaite par la pr\u00e9sente charte, informer ses clients (ci-apr\u00e8s \u00ab\u00a0Les clients\u00a0\u00bb) du traitement des donn\u00e9es personnelles qu&rsquo;elle r\u00e9alise.\u00a0<\/p>\t\t\t\t\t\t<\/div>\n\t\t\t\t<\/div>\n\t\t\t\t<div class=\"elementor-element elementor-element-3af6a71 elementor-widget elementor-widget-heading\" data-id=\"3af6a71\" data-element_type=\"widget\" data-widget_type=\"heading.default\">\n\t\t\t\t<div class=\"elementor-widget-container\">\n\t\t\t<h2 class=\"elementor-heading-title elementor-size-default\">Quels acteurs<\/h2>\t\t<\/div>\n\t\t\t\t<\/div>\n\t\t\t\t<div class=\"elementor-element elementor-element-42545653 elementor-widget elementor-widget-text-editor\" data-id=\"42545653\" data-element_type=\"widget\" data-widget_type=\"text-editor.default\">\n\t\t\t\t<div class=\"elementor-widget-container\">\n\t\t\t\t\t\t\t<p><strong>D\u00e9l\u00e9gu\u00e9 \u00e0 la protection des donn\u00e9es :&nbsp;<\/strong><\/p>\n<p>Un d\u00e9l\u00e9gu\u00e9 \u00e0 la protection des donn\u00e9es est la personne charg\u00e9e de la protection des donn\u00e9es au sein d&rsquo;une organisation.&nbsp;<\/p>\n<p>Son contact : In\u00e8s Dos Santos, responsable de d\u00e9veloppement produit du Mas Revive, 2 all\u00e9e de la tramontane, 34980, Saint Cl\u00e9ment de Rivi\u00e8re<\/p>\n<p>Mail : ines.dossantos1409@gmail.com<\/p>\n<p>Tel : 06 63 01 25 69&nbsp;<\/p><p><br><\/p>\n<p><\/p>\t\t\t\t\t\t<\/div>\n\t\t\t\t<\/div>\n\t\t\t\t<div class=\"elementor-element elementor-element-2462abc elementor-widget elementor-widget-text-editor\" data-id=\"2462abc\" data-element_type=\"widget\" data-widget_type=\"text-editor.default\">\n\t\t\t\t<div class=\"elementor-widget-container\">\n\t\t\t\t\t\t\t<p><strong>Le responsable traitement :\u00a0<\/strong><\/p><p>Le responsable de traitement est la personne, l&rsquo;entreprise ou un autre organisme qui d\u00e9termine la finalit\u00e9 et les moyens de traitements des donn\u00e9es \u00e0 caract\u00e8res personnel (seul ou conjointement avec d&rsquo;autres)<\/p><p>Le Mas Revive, 21 rue du faubourg, 34790 Grabels\u00a0<\/p><p>Mail : masrebiere34@outlook.com<\/p><p>T\u00e9l\u00e9phone : 06 60 71 25 03\u00a0<\/p>\t\t\t\t\t\t<\/div>\n\t\t\t\t<\/div>\n\t\t\t\t\t<\/div>\n\t\t<\/div>\n\t\t\t\t\t\t\t<\/div>\n\t\t<\/section>\n\t\t\t\t<section class=\"elementor-section elementor-top-section elementor-element elementor-element-8cf4cb7 elementor-section-boxed elementor-section-height-default elementor-section-height-default\" data-id=\"8cf4cb7\" data-element_type=\"section\">\n\t\t\t\t\t\t<div class=\"elementor-container elementor-column-gap-default\">\n\t\t\t\t\t<div class=\"elementor-column elementor-col-100 elementor-top-column elementor-element elementor-element-27ff7e6\" data-id=\"27ff7e6\" data-element_type=\"column\">\n\t\t\t<div class=\"elementor-widget-wrap elementor-element-populated\">\n\t\t\t\t\t\t\t\t<div class=\"elementor-element elementor-element-68dfdba elementor-widget elementor-widget-heading\" data-id=\"68dfdba\" data-element_type=\"widget\" data-widget_type=\"heading.default\">\n\t\t\t\t<div class=\"elementor-widget-container\">\n\t\t\t<h2 class=\"elementor-heading-title elementor-size-default\">Quelles donn\u00e9es personnelles ? A quel moment ? <\/h2>\t\t<\/div>\n\t\t\t\t<\/div>\n\t\t\t\t<div class=\"elementor-element elementor-element-abb1ed4 elementor-widget elementor-widget-text-editor\" data-id=\"abb1ed4\" data-element_type=\"widget\" data-widget_type=\"text-editor.default\">\n\t\t\t\t<div class=\"elementor-widget-container\">\n\t\t\t\t\t\t\t<p><strong>La Soci\u00e9t\u00e9 collecte les donn\u00e9es suivantes :<\/strong><\/p><p>Des donn\u00e9es d\u2019identification du Client (telles que nom, pr\u00e9nom, coordonn\u00e9es \u00e9lectroniques, postales et t\u00e9l\u00e9phoniques du Client ou de ses repr\u00e9sentants et ses pr\u00e9pos\u00e9s) ;<\/p><p>Des donn\u00e9es financi\u00e8res (telles que RIB du Client)<br \/>Ces donn\u00e9es sont collect\u00e9es lorsque le Client :<\/p><p>Demande une r\u00e9servation ;<\/p><p>Acc\u00e8de \u00e0 sa r\u00e9servation (gestion des entr\u00e9es) ;<\/p><p>Proc\u00e8de au paiement des sommes dues la Soci\u00e9t\u00e9.<br \/>Lorsque le Client fournit des donn\u00e9es personnelles relatives \u00e0 des tiers, il garantit avoir re\u00e7u les autorisations et consentements n\u00e9cessaires des personnes concern\u00e9es par ces donn\u00e9es.<\/p><p><strong>1\/ Pour quelles raisons ?<\/strong><br \/>Le traitement des donn\u00e9es personnelles du Client par la Soci\u00e9t\u00e9 a pour finalit\u00e9 :La gestion des entr\u00e9es<\/p><ul><li>La gestion des r\u00e9servations \u00ab check in check out \u00bb<\/li><li>La gestion de la facturation des clients<\/li><li>L\u2019am\u00e9lioration de ses services en invitant le Client \u00e0 participer \u00e0 l\u2019enqu\u00eate de satisfaction;<\/li><li>L\u2019\u00e9laboration de statistiques commerciales ;<\/li><li>La communication avec le Client concernant son contrat, les produits, les services et offres promotionnelles de la Soci\u00e9t\u00e9 ;<\/li><li>L\u2019\u00e9change de fichiers de clients et prospects avec ses partenaires ;<\/li><li>La gestion des demandes de droit d\u2019acc\u00e8s, de rectification, d\u2019opposition, de portabilit\u00e9, d\u2019effacement, de retrait, de d\u00e9finir des directives sur l\u2019utilisation de ses donn\u00e9es apr\u00e8s sa mort ;<\/li><li>Le recouvrement de cr\u00e9ance et l\u2019exercice de tout droit en justice par la Soci\u00e9t\u00e9\u2026<br \/>Si les donn\u00e9es personnelles du Client venaient \u00e0 \u00eatre trait\u00e9es pour des finalit\u00e9s diff\u00e9rentes, la Soci\u00e9t\u00e9 s\u2019engage \u00e0 l\u2019en informer et, lorsque la loi l\u2019exige, \u00e0 recueillir son consentement pr\u00e9alable;<\/li><\/ul><p><strong>2\/ Sur quels fondements ?<\/strong><br \/>Les donn\u00e9es personnelles des Clients sont trait\u00e9es par la Soci\u00e9t\u00e9 conform\u00e9ment \u00e0 la r\u00e9glementation en vigueur, et en particulier dans les conditions suivantes :<\/p><p>Lorsque le Client a manifest\u00e9 un consentement libre, sp\u00e9cifique, \u00e9clair\u00e9 et univoque concernant le traitement de ses donn\u00e9es (ex : demande d\u2019informations, demande de devis,\u2026) ;<br \/>Lorsque cela est n\u00e9cessaire \u00e0 l\u2019ex\u00e9cution d\u2019un contrat dans le cadre du traitement du dossier du Client ;<br \/>Lorsque cela est n\u00e9cessaire au respect des obligations l\u00e9gales ou r\u00e9glementaires de la Soci\u00e9t\u00e9 telles qu\u2019impos\u00e9es par le l\u00e9gislateur (ex : lutter contre la fraude\u2026) ;<br \/>Lorsque les int\u00e9r\u00eats l\u00e9gitimes de la Soci\u00e9t\u00e9 le justifient (ex : mesures de s\u00e9curit\u00e9 \u2026) ;<br \/>Lorsque cela est n\u00e9cessaire \u00e0 l\u2019exercice ou \u00e0 la d\u00e9fense d\u2019un droit en justice de la Soci\u00e9t\u00e9 (ex : recouvrement de cr\u00e9ance, action civile ou p\u00e9nale en responsabilit\u00e9\u2026).<\/p><p><strong>3\/ Les donn\u00e9es personnelles et le profilage ?<\/strong><br \/>La Soci\u00e9t\u00e9 ne proc\u00e8de \u00e0 aucune activit\u00e9 de profilage au moyen des donn\u00e9es trait\u00e9es dans le cadre des pr\u00e9sentes.<\/p><p><strong>4\/ Qui sont les destinataires des donn\u00e9es personnelles du Client ?<\/strong><br \/>La Soci\u00e9t\u00e9 communique les donn\u00e9es collect\u00e9es aux prestataires techniques responsables de la maintenance et de l\u2019h\u00e9bergement de son syst\u00e8me informatique ainsi qu\u2019aux prestataires charg\u00e9s du service marketing, du service commercial, du service juridique, du service contentieux, du service comptable et ceux charg\u00e9s de traiter la relation avec le Client, aux \u00e9ventuels sous-traitants, uniquement pour les finalit\u00e9s pr\u00e9c\u00e9demment mentionn\u00e9es et dans la limite n\u00e9cessaire \u00e0 l\u2019accomplissement des t\u00e2ches qui leurs sont conf\u00e9r\u00e9es.<br \/>Ces destinataires pourront \u00eatre amen\u00e9s \u00e0 contacter directement le Client \u00e0 partir des coordonn\u00e9es qu\u2019il aura communiqu\u00e9es.<br \/>La Soci\u00e9t\u00e9 exige de ces destinataires qu\u2019ils utilisent les donn\u00e9es personnelles du Client uniquement pour g\u00e9rer les prestations dont ils ont la charge et conform\u00e9ment aux lois et r\u00e8glements applicables en mati\u00e8re de protection des donn\u00e9es personnelles.<br \/>Le cas \u00e9ch\u00e9ant, les donn\u00e9es personnelles du Client pourront \u00eatre communiqu\u00e9es aux tiers autoris\u00e9s par la loi (notamment dans le cadre d\u2019une demande expresse et motiv\u00e9e des autorit\u00e9s judiciaires).<br \/>De m\u00eame, si la Soci\u00e9t\u00e9 est impliqu\u00e9e dans une op\u00e9ration de fusion, acquisition, cession d\u2019actifs ou proc\u00e9dure de redressement judiciaire, elle pourra \u00eatre amen\u00e9e \u00e0 c\u00e9der ou partager tout ou partie de ses actifs, y compris les donn\u00e9es \u00e0 caract\u00e8re personnel du Client. Dans ce cas, celui-ci sera inform\u00e9, avant tout transfert de ses donn\u00e9es \u00e0 caract\u00e8re personnel \u00e0 une tierce partie.<br \/>Enfin, la Soci\u00e9t\u00e9 se r\u00e9serve le droit, apr\u00e8s autorisation expresse du Client, d\u2019utiliser<br \/>directement ou indirectement (en les transmettant par exemple \u00e0 ses partenaires) les donn\u00e9es<br \/>personnelles des Clients \u00e0 des fins de prospection commerciale.<\/p><p><strong>5\/ Comment sont stock\u00e9es les donn\u00e9es personnelles du Client et sont-elles transf\u00e9r\u00e9es en dehors de l\u2019Union Europ\u00e9enne ?<\/strong><br \/>Les donn\u00e9es personnelles du Client sont stock\u00e9es au sein de l\u2019Union Europ\u00e9enne dans les bases de donn\u00e9es de la Soci\u00e9t\u00e9 ou celles de ses prestataires.<\/p><p><strong>6\/ Quelle protection pour les donn\u00e9es personnelles du Client ?<\/strong><br \/>La Soci\u00e9t\u00e9 met en \u0153uvre des mesures organisationnelles, techniques, logicielles et physiques en mati\u00e8re de s\u00e9curit\u00e9 du num\u00e9rique pour prot\u00e9ger les donn\u00e9es personnelles du Client contre les alt\u00e9rations, destructions et acc\u00e8s non autoris\u00e9s. Toutefois, il est \u00e0 signaler qu\u2019internet n\u2019est pas un environnement compl\u00e8tement s\u00e9curis\u00e9 et que la Soci\u00e9t\u00e9 ne peut garantir la s\u00e9curit\u00e9 de la transmission ou du stockage des donn\u00e9es du Client sur internet.<\/p><p><strong>Vous avec la possibilit\u00e9 de vous inscrire gratuitement sur le site <a href=\"https:\/\/www.bloctel.gouv.fr\/\" target=\"_blank\" rel=\"noopener\">www.bloctel.fr <\/a>afin d\u2019\u00eatre prot\u00e9g\u00e9 de toute prospection t\u00e9l\u00e9phonique.<\/strong><\/p><p>\u00a0<\/p><p><strong>7\/ Pendant combien de temps sont conserv\u00e9es les donn\u00e9es personnelles du Client?<\/strong><br \/>Les donn\u00e9es sont conserv\u00e9es conform\u00e9ment \u00e0 la loi pendant une dur\u00e9e justifi\u00e9e par la finalit\u00e9 du traitement et, en tout \u00e9tat de cause, pendant les dur\u00e9es de conservations l\u00e9gales.<\/p><p><strong>8\/ Quels sont les droits du Client ?<\/strong><br \/>Conform\u00e9ment aux dispositions du R\u00e8glement n\u00b0 2016\/679 du 27 avril 2016 et de la loi n\u00b078-17 du 6 janvier 1978 modifi\u00e9e, la Soci\u00e9t\u00e9 informe clairement et pleinement le Client des droits dont il dispose. En cas d\u2019interrogations suppl\u00e9mentaires du Client, le service d\u00e9di\u00e9 de la Soci\u00e9t\u00e9 reste disponible pour aiguiller le Client et lui donner tous les renseignements utiles afin de conserver ses droits.<\/p><p><strong>Le Client dispose :<\/strong><\/p><ul><li>d\u2019un droit d\u2019acc\u00e8s \u00e0 ses donn\u00e9es : le Client a le droit d\u2019obtenir la confirmation que ses donn\u00e9es sont trait\u00e9es ou non ainsi que la communication d\u2019une copie de ses donn\u00e9es et des informations relatives aux caract\u00e9ristiques du traitement r\u00e9alis\u00e9 par<br \/>la Soci\u00e9t\u00e9 sur ces donn\u00e9es ;<\/li><li>d\u2019un droit \u00e0 la rectification des informations inexactes et des donn\u00e9es incompl\u00e8tes ;<\/li><li>d\u2019un droit \u00e0 l\u2019effacement des donn\u00e9es qui ne sont plus n\u00e9cessaires au traitement, d\u2019un droit de retirer son consentement au traitement, d\u2019un droit d\u2019opposition au traitement de ses donn\u00e9es lorsqu\u2019il n\u2019existe pas de motifs l\u00e9gitimes et imp\u00e9rieux justifiant le traitement, d\u2019un droit d\u2019opposition \u00e0 la prospection commerciale ;<\/li><li>d\u2019un droit \u00e0 la limitation du traitement en cas d\u2019inexactitude des donn\u00e9es pendant le temps de leur v\u00e9rification, ou lorsqu\u2019elles sont encore n\u00e9cessaires \u00e0 l\u2019exercice d\u2019un droit en justice ;<\/li><li>d\u2019un droit \u00e0 la portabilit\u00e9 de ses donn\u00e9es, afin de demander la transmission \u00e0 un autre responsable des donn\u00e9es fournies avec son consentement ou \u00e0 l\u2019occasion de la conclusion du contrat ;<\/li><li>d\u2019un droit de ne pas faire l\u2019objet d\u2019une d\u00e9cision fond\u00e9e exclusivement sur un traitement automatis\u00e9 produisant des effets juridiques significatifs le concernant ;<\/li><li>d\u2019un droit de d\u00e9finir des directives relatives au sort de ses donn\u00e9es apr\u00e8s son d\u00e9c\u00e8s.<br \/>Le Client peut exercer ses droits \u00e0 tout moment aupr\u00e8s de la Soci\u00e9t\u00e9 :<\/li><li>Par courrier postal \u00e0 l\u2019adresse suivante :<br \/>Mas Revive<br \/>21 rue du faubourg<br \/>34790 Grabels<\/li><li>Par courriel \u00e0 l\u2019adresse suivante : masrebiere34@outlook.com<br \/>Le Client devra pr\u00e9ciser dans sa demande ses noms, pr\u00e9noms, adresse e-mail ou adresse postale \u00e0 laquelle il souhaite que la r\u00e9ponse de la Soci\u00e9t\u00e9 lui parvienne.<br \/>Pour des raisons de s\u00e9curit\u00e9 et afin d\u2019\u00e9viter toute demande frauduleuse, cette demande devra \u00eatre accompagn\u00e9e d\u2019un justificatif d\u2019identit\u00e9. Apr\u00e8s traitement de la demande ce justificatif sera d\u00e9truit.<br \/>Conform\u00e9ment \u00e0 la loi, cette demande recevra une r\u00e9ponse dans un d\u00e9lai d\u2019un mois suivant sa r\u00e9ception.<br \/>Ce d\u00e9lai peut \u00eatre allong\u00e9 \u00e0 deux mois en cas de difficult\u00e9s pour acc\u00e9der \u00e0 la demande ou en cas de nombre de demandes \u00e9lev\u00e9.<br \/>Enfin, le Client dispose du droit d\u2019introduire une r\u00e9clamation aupr\u00e8s de la CNIL ou de tout autre autorit\u00e9 de contr\u00f4le comp\u00e9tente dans son Etat de r\u00e9sidence.<br \/>Le Client peut r\u00e9aliser cette r\u00e9clamation aupr\u00e8s de la CNIL fran\u00e7aise :<\/li><li>Par courrier postal \u00e0 l\u2019adresse suivante :<br \/>3 Place de Fontenoy<br \/>TSA 80715<br \/>75334 PARIS CEDEX 07<\/li><li>Par t\u00e9l\u00e9phone au 01 53 73 22 22 (du lundi au jeudi de 9h \u00e0 18h30 \/ le vendredi de 9h \u00e0 18h) ;<\/li><li>Par fax au 01 53 73 22 00 ;<\/li><li>Via le site internet de la CNIL \u00e0 l\u2019adresse suivante : <a href=\"https:\/\/www.cnil.fr\/fr\/plaintes\">https:\/\/www.cnil.fr\/fr\/plaintes<\/a>.<\/li><li>Via le <a href=\"https:\/\/www.masdelafouque.com\/formulaire-rgpd\/\">formulaire de consentement<\/a><\/li><\/ul>\t\t\t\t\t\t<\/div>\n\t\t\t\t<\/div>\n\t\t\t\t\t<\/div>\n\t\t<\/div>\n\t\t\t\t\t\t\t<\/div>\n\t\t<\/section>\n\t\t\t\t\t\t\t<\/div>\n\t\t","protected":false},"excerpt":{"rendered":"<p>Politique RGPD du Mas Revive Le Mas Revive (ci-apr\u00e8s \u00ab\u00a0La soci\u00e9t\u00e9\u00a0\u00bb) souhaite par la pr\u00e9sente charte, informer ses clients (ci-apr\u00e8s \u00ab\u00a0Les clients\u00a0\u00bb) du traitement des donn\u00e9es personnelles qu&rsquo;elle r\u00e9alise.\u00a0 Quels acteurs D\u00e9l\u00e9gu\u00e9 \u00e0 la protection des donn\u00e9es :&nbsp; Un d\u00e9l\u00e9gu\u00e9 \u00e0 la protection des donn\u00e9es est la personne charg\u00e9e de la protection des donn\u00e9es au [&hellip;]<\/p>\n","protected":false},"author":1,"featured_media":0,"parent":0,"menu_order":0,"comment_status":"closed","ping_status":"open","template":"","meta":{"om_disable_all_campaigns":false,"_monsterinsights_skip_tracking":false,"_monsterinsights_sitenote_active":false,"_monsterinsights_sitenote_note":"","_monsterinsights_sitenote_category":0,"_uf_show_specific_survey":0,"_uf_disable_surveys":false,"footnotes":""},"class_list":["post-3","page","type-page","status-publish","hentry","entry"],"yoast_head":"<!-- This site is optimized with the Yoast SEO plugin v22.1 - https:\/\/yoast.com\/wordpress\/plugins\/seo\/ -->\n<title>Politique de confidentialit\u00e9 - Mas Revive<\/title>\n<meta name=\"robots\" content=\"index, follow, max-snippet:-1, max-image-preview:large, max-video-preview:-1\" \/>\n<link rel=\"canonical\" href=\"https:\/\/masrevive.com\/index.php\/politique-de-confidentialite\/\" \/>\n<meta property=\"og:locale\" content=\"fr_FR\" \/>\n<meta property=\"og:type\" content=\"article\" \/>\n<meta property=\"og:title\" content=\"Politique de confidentialit\u00e9 - Mas Revive\" \/>\n<meta property=\"og:description\" content=\"Politique RGPD du Mas Revive Le Mas Revive (ci-apr\u00e8s \u00ab\u00a0La soci\u00e9t\u00e9\u00a0\u00bb) souhaite par la pr\u00e9sente charte, informer ses clients (ci-apr\u00e8s \u00ab\u00a0Les clients\u00a0\u00bb) du traitement des donn\u00e9es personnelles qu&rsquo;elle r\u00e9alise.\u00a0 Quels acteurs D\u00e9l\u00e9gu\u00e9 \u00e0 la protection des donn\u00e9es :&nbsp; Un d\u00e9l\u00e9gu\u00e9 \u00e0 la protection des donn\u00e9es est la personne charg\u00e9e de la protection des donn\u00e9es au [&hellip;]\" \/>\n<meta property=\"og:url\" content=\"https:\/\/masrevive.com\/index.php\/politique-de-confidentialite\/\" \/>\n<meta property=\"og:site_name\" content=\"Mas Revive\" \/>\n<meta property=\"article:modified_time\" content=\"2024-02-21T10:45:46+00:00\" \/>\n<meta name=\"twitter:card\" content=\"summary_large_image\" \/>\n<meta name=\"twitter:label1\" content=\"Dur\u00e9e de lecture estim\u00e9e\" \/>\n\t<meta name=\"twitter:data1\" content=\"9 minutes\" \/>\n<script type=\"application\/ld+json\" class=\"yoast-schema-graph\">{\"@context\":\"https:\/\/schema.org\",\"@graph\":[{\"@type\":\"WebPage\",\"@id\":\"https:\/\/masrevive.com\/index.php\/politique-de-confidentialite\/\",\"url\":\"https:\/\/masrevive.com\/index.php\/politique-de-confidentialite\/\",\"name\":\"Politique de confidentialit\u00e9 - Mas Revive\",\"isPartOf\":{\"@id\":\"https:\/\/masrevive.com\/#website\"},\"datePublished\":\"2023-11-15T14:41:20+00:00\",\"dateModified\":\"2024-02-21T10:45:46+00:00\",\"breadcrumb\":{\"@id\":\"https:\/\/masrevive.com\/index.php\/politique-de-confidentialite\/#breadcrumb\"},\"inLanguage\":\"fr-FR\",\"potentialAction\":[{\"@type\":\"ReadAction\",\"target\":[\"https:\/\/masrevive.com\/index.php\/politique-de-confidentialite\/\"]}]},{\"@type\":\"BreadcrumbList\",\"@id\":\"https:\/\/masrevive.com\/index.php\/politique-de-confidentialite\/#breadcrumb\",\"itemListElement\":[{\"@type\":\"ListItem\",\"position\":1,\"name\":\"Accueil\",\"item\":\"https:\/\/masrevive.com\/\"},{\"@type\":\"ListItem\",\"position\":2,\"name\":\"Politique de confidentialit\u00e9\"}]},{\"@type\":\"WebSite\",\"@id\":\"https:\/\/masrevive.com\/#website\",\"url\":\"https:\/\/masrevive.com\/\",\"name\":\"Mas Revive\",\"description\":\"Mas Revive : La douceur du Sud, l&#039;\u00e2me m\u00e9diterran\u00e9enne\",\"publisher\":{\"@id\":\"https:\/\/masrevive.com\/#organization\"},\"potentialAction\":[{\"@type\":\"SearchAction\",\"target\":{\"@type\":\"EntryPoint\",\"urlTemplate\":\"https:\/\/masrevive.com\/?s={search_term_string}\"},\"query-input\":\"required name=search_term_string\"}],\"inLanguage\":\"fr-FR\"},{\"@type\":\"Organization\",\"@id\":\"https:\/\/masrevive.com\/#organization\",\"name\":\"Mas Revive\",\"url\":\"https:\/\/masrevive.com\/\",\"logo\":{\"@type\":\"ImageObject\",\"inLanguage\":\"fr-FR\",\"@id\":\"https:\/\/masrevive.com\/#\/schema\/logo\/image\/\",\"url\":\"https:\/\/masrevive.com\/wp-content\/uploads\/2024\/02\/1-1.png\",\"contentUrl\":\"https:\/\/masrevive.com\/wp-content\/uploads\/2024\/02\/1-1.png\",\"width\":500,\"height\":500,\"caption\":\"Mas Revive\"},\"image\":{\"@id\":\"https:\/\/masrevive.com\/#\/schema\/logo\/image\/\"},\"sameAs\":[\"https:\/\/www.instagram.com\/mas.revive\/\"]}]}<\/script>\n<!-- \/ Yoast SEO plugin. -->","yoast_head_json":{"title":"Politique de confidentialit\u00e9 - Mas Revive","robots":{"index":"index","follow":"follow","max-snippet":"max-snippet:-1","max-image-preview":"max-image-preview:large","max-video-preview":"max-video-preview:-1"},"canonical":"https:\/\/masrevive.com\/index.php\/politique-de-confidentialite\/","og_locale":"fr_FR","og_type":"article","og_title":"Politique de confidentialit\u00e9 - Mas Revive","og_description":"Politique RGPD du Mas Revive Le Mas Revive (ci-apr\u00e8s \u00ab\u00a0La soci\u00e9t\u00e9\u00a0\u00bb) souhaite par la pr\u00e9sente charte, informer ses clients (ci-apr\u00e8s \u00ab\u00a0Les clients\u00a0\u00bb) du traitement des donn\u00e9es personnelles qu&rsquo;elle r\u00e9alise.\u00a0 Quels acteurs D\u00e9l\u00e9gu\u00e9 \u00e0 la protection des donn\u00e9es :&nbsp; Un d\u00e9l\u00e9gu\u00e9 \u00e0 la protection des donn\u00e9es est la personne charg\u00e9e de la protection des donn\u00e9es au [&hellip;]","og_url":"https:\/\/masrevive.com\/index.php\/politique-de-confidentialite\/","og_site_name":"Mas Revive","article_modified_time":"2024-02-21T10:45:46+00:00","twitter_card":"summary_large_image","twitter_misc":{"Dur\u00e9e de lecture estim\u00e9e":"9 minutes"},"schema":{"@context":"https:\/\/schema.org","@graph":[{"@type":"WebPage","@id":"https:\/\/masrevive.com\/index.php\/politique-de-confidentialite\/","url":"https:\/\/masrevive.com\/index.php\/politique-de-confidentialite\/","name":"Politique de confidentialit\u00e9 - Mas Revive","isPartOf":{"@id":"https:\/\/masrevive.com\/#website"},"datePublished":"2023-11-15T14:41:20+00:00","dateModified":"2024-02-21T10:45:46+00:00","breadcrumb":{"@id":"https:\/\/masrevive.com\/index.php\/politique-de-confidentialite\/#breadcrumb"},"inLanguage":"fr-FR","potentialAction":[{"@type":"ReadAction","target":["https:\/\/masrevive.com\/index.php\/politique-de-confidentialite\/"]}]},{"@type":"BreadcrumbList","@id":"https:\/\/masrevive.com\/index.php\/politique-de-confidentialite\/#breadcrumb","itemListElement":[{"@type":"ListItem","position":1,"name":"Accueil","item":"https:\/\/masrevive.com\/"},{"@type":"ListItem","position":2,"name":"Politique de confidentialit\u00e9"}]},{"@type":"WebSite","@id":"https:\/\/masrevive.com\/#website","url":"https:\/\/masrevive.com\/","name":"Mas Revive","description":"Mas Revive : La douceur du Sud, l&#039;\u00e2me m\u00e9diterran\u00e9enne","publisher":{"@id":"https:\/\/masrevive.com\/#organization"},"potentialAction":[{"@type":"SearchAction","target":{"@type":"EntryPoint","urlTemplate":"https:\/\/masrevive.com\/?s={search_term_string}"},"query-input":"required name=search_term_string"}],"inLanguage":"fr-FR"},{"@type":"Organization","@id":"https:\/\/masrevive.com\/#organization","name":"Mas Revive","url":"https:\/\/masrevive.com\/","logo":{"@type":"ImageObject","inLanguage":"fr-FR","@id":"https:\/\/masrevive.com\/#\/schema\/logo\/image\/","url":"https:\/\/masrevive.com\/wp-content\/uploads\/2024\/02\/1-1.png","contentUrl":"https:\/\/masrevive.com\/wp-content\/uploads\/2024\/02\/1-1.png","width":500,"height":500,"caption":"Mas Revive"},"image":{"@id":"https:\/\/masrevive.com\/#\/schema\/logo\/image\/"},"sameAs":["https:\/\/www.instagram.com\/mas.revive\/"]}]}},"_links":{"self":[{"href":"https:\/\/masrevive.com\/index.php\/wp-json\/wp\/v2\/pages\/3","targetHints":{"allow":["GET"]}}],"collection":[{"href":"https:\/\/masrevive.com\/index.php\/wp-json\/wp\/v2\/pages"}],"about":[{"href":"https:\/\/masrevive.com\/index.php\/wp-json\/wp\/v2\/types\/page"}],"author":[{"embeddable":true,"href":"https:\/\/masrevive.com\/index.php\/wp-json\/wp\/v2\/users\/1"}],"replies":[{"embeddable":true,"href":"https:\/\/masrevive.com\/index.php\/wp-json\/wp\/v2\/comments?post=3"}],"version-history":[{"count":21,"href":"https:\/\/masrevive.com\/index.php\/wp-json\/wp\/v2\/pages\/3\/revisions"}],"predecessor-version":[{"id":2001,"href":"https:\/\/masrevive.com\/index.php\/wp-json\/wp\/v2\/pages\/3\/revisions\/2001"}],"wp:attachment":[{"href":"https:\/\/masrevive.com\/index.php\/wp-json\/wp\/v2\/media?parent=3"}],"curies":[{"name":"wp","href":"https:\/\/api.w.org\/{rel}","templated":true}]}}